{"id":7318,"date":"2025-09-15T11:54:02","date_gmt":"2025-09-15T09:54:02","guid":{"rendered":"http:\/\/localhost:10024\/?post_type=product&#038;p=7318"},"modified":"2025-10-20T09:56:35","modified_gmt":"2025-10-20T07:56:35","slug":"tasse-luna-25cl","status":"publish","type":"product","link":"https:\/\/www.ichr-porcelaine.com\/en\/produit\/tasse-luna-25cl\/","title":{"rendered":"Tasse luna 25CL"},"content":{"rendered":"","protected":false},"excerpt":{"rendered":"","protected":false},"featured_media":6773,"template":"","meta":{"_seopress_robots_primary_cat":"85","_seopress_titles_title":"Tasse LUNA 25 cl - Import CHR","_seopress_titles_desc":"Tasse Luna 25 cl en porcelaine color\u00e9e \u2013 Import CHR. \u00c9l\u00e9gante et r\u00e9sistante, id\u00e9ale pour le caf\u00e9, le th\u00e9 ou le cappuccino. Qualit\u00e9 professionnelle pour la restauration et l\u2019h\u00f4tellerie.","_seopress_robots_index":""},"product_brand":[],"product_cat":[85,99],"product_tag":[],"class_list":{"0":"post-7318","1":"product","2":"type-product","3":"status-publish","4":"has-post-thumbnail","6":"product_cat-tasses-et-sous-tasses-blanches","7":"product_cat-luna","9":"first","10":"instock","11":"shipping-taxable","12":"purchasable","13":"product-type-simple"},"_links":{"self":[{"href":"https:\/\/www.ichr-porcelaine.com\/en\/wp-json\/wp\/v2\/product\/7318","targetHints":{"allow":["GET"]}}],"collection":[{"href":"https:\/\/www.ichr-porcelaine.com\/en\/wp-json\/wp\/v2\/product"}],"about":[{"href":"https:\/\/www.ichr-porcelaine.com\/en\/wp-json\/wp\/v2\/types\/product"}],"version-history":[{"count":0,"href":"https:\/\/www.ichr-porcelaine.com\/en\/wp-json\/wp\/v2\/product\/7318\/revisions"}],"wp:featuredmedia":[{"embeddable":true,"href":"https:\/\/www.ichr-porcelaine.com\/en\/wp-json\/wp\/v2\/media\/6773"}],"wp:attachment":[{"href":"https:\/\/www.ichr-porcelaine.com\/en\/wp-json\/wp\/v2\/media?parent=7318"}],"wp:term":[{"taxonomy":"product_brand","embeddable":true,"href":"https:\/\/www.ichr-porcelaine.com\/en\/wp-json\/wp\/v2\/product_brand?post=7318"},{"taxonomy":"product_cat","embeddable":true,"href":"https:\/\/www.ichr-porcelaine.com\/en\/wp-json\/wp\/v2\/product_cat?post=7318"},{"taxonomy":"product_tag","embeddable":true,"href":"https:\/\/www.ichr-porcelaine.com\/en\/wp-json\/wp\/v2\/product_tag?post=7318"}],"curies":[{"name":"wp","href":"https:\/\/api.w.org\/{rel}","templated":true}]}}