{"id":3728,"date":"2024-12-23T11:45:49","date_gmt":"2024-12-23T10:45:49","guid":{"rendered":"http:\/\/localhost:10024\/produit\/verre-a-latte-35cl\/"},"modified":"2026-01-28T15:21:48","modified_gmt":"2026-01-28T14:21:48","slug":"verre-a-latte-35cl","status":"publish","type":"product","link":"https:\/\/www.ichr-porcelaine.com\/en\/produit\/verre-a-latte-35cl\/","title":{"rendered":"Verre \u00e0 latte 35CL"},"content":{"rendered":"<p>Verre transparent r\u00e9sistant, parfait pour caf\u00e9s, latt\u00e9s et chocolats chauds. Id\u00e9al pour les professionnels de la restauration et de l\u2019h\u00f4tellerie.<\/p>\n","protected":false},"excerpt":{"rendered":"<p>Vendu par 12 \u2022 83mm<\/p>\n","protected":false},"featured_media":6303,"template":"","meta":{"_seopress_robots_primary_cat":"108","_seopress_titles_title":"Verre \u00e0 Latte 35 cl - Import CHR","_seopress_titles_desc":"Verre transparent r\u00e9sistant, parfait pour caf\u00e9s, latt\u00e9s et chocolats chauds. Id\u00e9al pour les professionnels de la restauration et de l\u2019h\u00f4tellerie.","_seopress_robots_index":""},"product_brand":[],"product_cat":[108],"product_tag":[],"class_list":{"0":"post-3728","1":"product","2":"type-product","3":"status-publish","4":"has-post-thumbnail","6":"product_cat-verrerie","8":"first","9":"instock","10":"shipping-taxable","11":"purchasable","12":"product-type-simple"},"_links":{"self":[{"href":"https:\/\/www.ichr-porcelaine.com\/en\/wp-json\/wp\/v2\/product\/3728","targetHints":{"allow":["GET"]}}],"collection":[{"href":"https:\/\/www.ichr-porcelaine.com\/en\/wp-json\/wp\/v2\/product"}],"about":[{"href":"https:\/\/www.ichr-porcelaine.com\/en\/wp-json\/wp\/v2\/types\/product"}],"version-history":[{"count":0,"href":"https:\/\/www.ichr-porcelaine.com\/en\/wp-json\/wp\/v2\/product\/3728\/revisions"}],"wp:featuredmedia":[{"embeddable":true,"href":"https:\/\/www.ichr-porcelaine.com\/en\/wp-json\/wp\/v2\/media\/6303"}],"wp:attachment":[{"href":"https:\/\/www.ichr-porcelaine.com\/en\/wp-json\/wp\/v2\/media?parent=3728"}],"wp:term":[{"taxonomy":"product_brand","embeddable":true,"href":"https:\/\/www.ichr-porcelaine.com\/en\/wp-json\/wp\/v2\/product_brand?post=3728"},{"taxonomy":"product_cat","embeddable":true,"href":"https:\/\/www.ichr-porcelaine.com\/en\/wp-json\/wp\/v2\/product_cat?post=3728"},{"taxonomy":"product_tag","embeddable":true,"href":"https:\/\/www.ichr-porcelaine.com\/en\/wp-json\/wp\/v2\/product_tag?post=3728"}],"curies":[{"name":"wp","href":"https:\/\/api.w.org\/{rel}","templated":true}]}}