{"id":3726,"date":"2024-12-23T11:45:49","date_gmt":"2024-12-23T10:45:49","guid":{"rendered":"http:\/\/localhost:10024\/produit\/cuiilere-a-cafe-moka\/"},"modified":"2025-06-16T11:11:11","modified_gmt":"2025-06-16T09:11:11","slug":"cuiilere-a-cafe-moka","status":"publish","type":"product","link":"https:\/\/www.ichr-porcelaine.com\/en\/produit\/cuiilere-a-cafe-moka\/","title":{"rendered":"Cuiil\u00e8re \u00e0 caf\u00e9 Moka"},"content":{"rendered":"","protected":false},"excerpt":{"rendered":"","protected":false},"featured_media":6306,"template":"","meta":{"_seopress_robots_primary_cat":"0","_seopress_titles_title":"Cuill\u00e8re \u00e0 caf\u00e9 Moka - Import CHR","_seopress_titles_desc":"D\u00e9couvrez notre cuill\u00e8re \u00e0 moka pour professionnelle Import CHR. \u00c9l\u00e9gante, r\u00e9sistante et parfaitement adapt\u00e9e \u00e0 l\u2019h\u00f4tellerie-restauration.","_seopress_robots_index":""},"product_brand":[],"product_cat":[107],"product_tag":[],"class_list":{"0":"post-3726","1":"product","2":"type-product","3":"status-publish","4":"has-post-thumbnail","6":"product_cat-accessoires","8":"first","9":"instock","10":"shipping-taxable","11":"purchasable","12":"product-type-simple"},"_links":{"self":[{"href":"https:\/\/www.ichr-porcelaine.com\/en\/wp-json\/wp\/v2\/product\/3726","targetHints":{"allow":["GET"]}}],"collection":[{"href":"https:\/\/www.ichr-porcelaine.com\/en\/wp-json\/wp\/v2\/product"}],"about":[{"href":"https:\/\/www.ichr-porcelaine.com\/en\/wp-json\/wp\/v2\/types\/product"}],"version-history":[{"count":0,"href":"https:\/\/www.ichr-porcelaine.com\/en\/wp-json\/wp\/v2\/product\/3726\/revisions"}],"wp:featuredmedia":[{"embeddable":true,"href":"https:\/\/www.ichr-porcelaine.com\/en\/wp-json\/wp\/v2\/media\/6306"}],"wp:attachment":[{"href":"https:\/\/www.ichr-porcelaine.com\/en\/wp-json\/wp\/v2\/media?parent=3726"}],"wp:term":[{"taxonomy":"product_brand","embeddable":true,"href":"https:\/\/www.ichr-porcelaine.com\/en\/wp-json\/wp\/v2\/product_brand?post=3726"},{"taxonomy":"product_cat","embeddable":true,"href":"https:\/\/www.ichr-porcelaine.com\/en\/wp-json\/wp\/v2\/product_cat?post=3726"},{"taxonomy":"product_tag","embeddable":true,"href":"https:\/\/www.ichr-porcelaine.com\/en\/wp-json\/wp\/v2\/product_tag?post=3726"}],"curies":[{"name":"wp","href":"https:\/\/api.w.org\/{rel}","templated":true}]}}