{"id":3725,"date":"2024-12-23T11:45:47","date_gmt":"2024-12-23T10:45:47","guid":{"rendered":"http:\/\/localhost:10024\/produit\/plateau-gourmand-17x25-cm\/"},"modified":"2025-06-16T11:14:35","modified_gmt":"2025-06-16T09:14:35","slug":"plateau-gourmand-17x25-cm","status":"publish","type":"product","link":"https:\/\/www.ichr-porcelaine.com\/en\/produit\/plateau-gourmand-17x25-cm\/","title":{"rendered":"Plateau gourmand 17&#215;25 cm"},"content":{"rendered":"","protected":false},"excerpt":{"rendered":"","protected":false},"featured_media":6309,"template":"","meta":{"_seopress_robots_primary_cat":"0","_seopress_titles_title":"Plateau Gourmand 17*25 cm - Import CHR","_seopress_titles_desc":"Plateau gourmand 17x25 cm en porcelaine personnalisable \u2013 Import CHR. \u00c9l\u00e9gant et r\u00e9sistant, id\u00e9al pour la pr\u00e9sentation de desserts, caf\u00e9s ou mignardises en h\u00f4tellerie-restauration.","_seopress_robots_index":""},"product_brand":[],"product_cat":[107],"product_tag":[],"class_list":{"0":"post-3725","1":"product","2":"type-product","3":"status-publish","4":"has-post-thumbnail","6":"product_cat-accessoires","8":"first","9":"instock","10":"shipping-taxable","11":"purchasable","12":"product-type-simple"},"_links":{"self":[{"href":"https:\/\/www.ichr-porcelaine.com\/en\/wp-json\/wp\/v2\/product\/3725","targetHints":{"allow":["GET"]}}],"collection":[{"href":"https:\/\/www.ichr-porcelaine.com\/en\/wp-json\/wp\/v2\/product"}],"about":[{"href":"https:\/\/www.ichr-porcelaine.com\/en\/wp-json\/wp\/v2\/types\/product"}],"version-history":[{"count":0,"href":"https:\/\/www.ichr-porcelaine.com\/en\/wp-json\/wp\/v2\/product\/3725\/revisions"}],"wp:featuredmedia":[{"embeddable":true,"href":"https:\/\/www.ichr-porcelaine.com\/en\/wp-json\/wp\/v2\/media\/6309"}],"wp:attachment":[{"href":"https:\/\/www.ichr-porcelaine.com\/en\/wp-json\/wp\/v2\/media?parent=3725"}],"wp:term":[{"taxonomy":"product_brand","embeddable":true,"href":"https:\/\/www.ichr-porcelaine.com\/en\/wp-json\/wp\/v2\/product_brand?post=3725"},{"taxonomy":"product_cat","embeddable":true,"href":"https:\/\/www.ichr-porcelaine.com\/en\/wp-json\/wp\/v2\/product_cat?post=3725"},{"taxonomy":"product_tag","embeddable":true,"href":"https:\/\/www.ichr-porcelaine.com\/en\/wp-json\/wp\/v2\/product_tag?post=3725"}],"curies":[{"name":"wp","href":"https:\/\/api.w.org\/{rel}","templated":true}]}}