{"id":3724,"date":"2024-12-23T11:45:46","date_gmt":"2024-12-23T10:45:46","guid":{"rendered":"http:\/\/localhost:10024\/produit\/pot-a-lait-empilable-25cl\/"},"modified":"2025-09-22T08:43:03","modified_gmt":"2025-09-22T06:43:03","slug":"pot-a-lait-empilable-25cl","status":"publish","type":"product","link":"https:\/\/www.ichr-porcelaine.com\/en\/produit\/pot-a-lait-empilable-25cl\/","title":{"rendered":"Pot \u00e0 lait Empilable 25CL"},"content":{"rendered":"","protected":false},"excerpt":{"rendered":"","protected":false},"featured_media":7414,"template":"","meta":{"_seopress_robots_primary_cat":"0","_seopress_titles_title":"Pot \u00e0 Lait Empilable 25 cl - Import CHR","_seopress_titles_desc":"Pot \u00e0 lait empilable 25 cl en porcelaine personnalisable \u2013 Import CHR. \u00c9l\u00e9gant, pratique et r\u00e9sistant, id\u00e9al pour le service du lait ou de la cr\u00e8me en h\u00f4tellerie et restauration.","_seopress_robots_index":""},"product_brand":[],"product_cat":[107],"product_tag":[],"class_list":{"0":"post-3724","1":"product","2":"type-product","3":"status-publish","4":"has-post-thumbnail","6":"product_cat-accessoires","8":"first","9":"instock","10":"shipping-taxable","11":"purchasable","12":"product-type-simple"},"_links":{"self":[{"href":"https:\/\/www.ichr-porcelaine.com\/en\/wp-json\/wp\/v2\/product\/3724","targetHints":{"allow":["GET"]}}],"collection":[{"href":"https:\/\/www.ichr-porcelaine.com\/en\/wp-json\/wp\/v2\/product"}],"about":[{"href":"https:\/\/www.ichr-porcelaine.com\/en\/wp-json\/wp\/v2\/types\/product"}],"version-history":[{"count":0,"href":"https:\/\/www.ichr-porcelaine.com\/en\/wp-json\/wp\/v2\/product\/3724\/revisions"}],"wp:featuredmedia":[{"embeddable":true,"href":"https:\/\/www.ichr-porcelaine.com\/en\/wp-json\/wp\/v2\/media\/7414"}],"wp:attachment":[{"href":"https:\/\/www.ichr-porcelaine.com\/en\/wp-json\/wp\/v2\/media?parent=3724"}],"wp:term":[{"taxonomy":"product_brand","embeddable":true,"href":"https:\/\/www.ichr-porcelaine.com\/en\/wp-json\/wp\/v2\/product_brand?post=3724"},{"taxonomy":"product_cat","embeddable":true,"href":"https:\/\/www.ichr-porcelaine.com\/en\/wp-json\/wp\/v2\/product_cat?post=3724"},{"taxonomy":"product_tag","embeddable":true,"href":"https:\/\/www.ichr-porcelaine.com\/en\/wp-json\/wp\/v2\/product_tag?post=3724"}],"curies":[{"name":"wp","href":"https:\/\/api.w.org\/{rel}","templated":true}]}}