{"id":3721,"date":"2024-12-23T11:45:45","date_gmt":"2024-12-23T10:45:45","guid":{"rendered":"http:\/\/localhost:10024\/produit\/set-theiere-tasse-egoiste\/"},"modified":"2025-07-15T10:39:48","modified_gmt":"2025-07-15T08:39:48","slug":"set-theiere-tasse-egoiste","status":"publish","type":"product","link":"https:\/\/www.ichr-porcelaine.com\/en\/produit\/set-theiere-tasse-egoiste\/","title":{"rendered":"Set th\u00e9i\u00e8re &#038; tasse Ego\u00efste"},"content":{"rendered":"","protected":false},"excerpt":{"rendered":"","protected":false},"featured_media":7005,"template":"","meta":{"_seopress_robots_primary_cat":"0","_seopress_titles_title":"Set Th\u00e9i\u00e8re et Tasse \u00c9go\u00efste - Import CHR","_seopress_titles_desc":"Set th\u00e9i\u00e8re et tasse \u00e9go\u00efste en porcelaine personnalisable \u2013 Import CHR. \u00c9l\u00e9gant et pratique, id\u00e9al pour le service individuel du th\u00e9 en h\u00f4tellerie, restauration et salons de th\u00e9.","_seopress_robots_index":""},"product_brand":[],"product_cat":[106],"product_tag":[],"class_list":{"0":"post-3721","1":"product","2":"type-product","3":"status-publish","4":"has-post-thumbnail","6":"product_cat-theieres","8":"first","9":"instock","10":"shipping-taxable","11":"purchasable","12":"product-type-simple"},"_links":{"self":[{"href":"https:\/\/www.ichr-porcelaine.com\/en\/wp-json\/wp\/v2\/product\/3721","targetHints":{"allow":["GET"]}}],"collection":[{"href":"https:\/\/www.ichr-porcelaine.com\/en\/wp-json\/wp\/v2\/product"}],"about":[{"href":"https:\/\/www.ichr-porcelaine.com\/en\/wp-json\/wp\/v2\/types\/product"}],"version-history":[{"count":0,"href":"https:\/\/www.ichr-porcelaine.com\/en\/wp-json\/wp\/v2\/product\/3721\/revisions"}],"wp:featuredmedia":[{"embeddable":true,"href":"https:\/\/www.ichr-porcelaine.com\/en\/wp-json\/wp\/v2\/media\/7005"}],"wp:attachment":[{"href":"https:\/\/www.ichr-porcelaine.com\/en\/wp-json\/wp\/v2\/media?parent=3721"}],"wp:term":[{"taxonomy":"product_brand","embeddable":true,"href":"https:\/\/www.ichr-porcelaine.com\/en\/wp-json\/wp\/v2\/product_brand?post=3721"},{"taxonomy":"product_cat","embeddable":true,"href":"https:\/\/www.ichr-porcelaine.com\/en\/wp-json\/wp\/v2\/product_cat?post=3721"},{"taxonomy":"product_tag","embeddable":true,"href":"https:\/\/www.ichr-porcelaine.com\/en\/wp-json\/wp\/v2\/product_tag?post=3721"}],"curies":[{"name":"wp","href":"https:\/\/api.w.org\/{rel}","templated":true}]}}