{"id":3719,"date":"2024-12-23T11:45:45","date_gmt":"2024-12-23T10:45:45","guid":{"rendered":"http:\/\/localhost:10024\/produit\/theiere-milano-30cl\/"},"modified":"2025-06-16T11:20:33","modified_gmt":"2025-06-16T09:20:33","slug":"theiere-milano-30cl","status":"publish","type":"product","link":"https:\/\/www.ichr-porcelaine.com\/en\/produit\/theiere-milano-30cl\/","title":{"rendered":"Th\u00e9i\u00e8re Milano 30CL"},"content":{"rendered":"","protected":false},"excerpt":{"rendered":"","protected":false},"featured_media":6312,"template":"","meta":{"_seopress_robots_primary_cat":"0","_seopress_titles_title":"Th\u00e9i\u00e8re Milano 30 cl - Import CHR","_seopress_titles_desc":"\u00c9l\u00e9gante, r\u00e9sistante et pratique, th\u00e9i\u00e8re id\u00e9ale pour le service du th\u00e9 en restauration et h\u00f4tellerie. Compatible lave-vaisselle.","_seopress_robots_index":""},"product_brand":[],"product_cat":[106],"product_tag":[],"class_list":{"0":"post-3719","1":"product","2":"type-product","3":"status-publish","4":"has-post-thumbnail","6":"product_cat-theieres","8":"first","9":"instock","10":"shipping-taxable","11":"purchasable","12":"product-type-simple"},"_links":{"self":[{"href":"https:\/\/www.ichr-porcelaine.com\/en\/wp-json\/wp\/v2\/product\/3719","targetHints":{"allow":["GET"]}}],"collection":[{"href":"https:\/\/www.ichr-porcelaine.com\/en\/wp-json\/wp\/v2\/product"}],"about":[{"href":"https:\/\/www.ichr-porcelaine.com\/en\/wp-json\/wp\/v2\/types\/product"}],"version-history":[{"count":0,"href":"https:\/\/www.ichr-porcelaine.com\/en\/wp-json\/wp\/v2\/product\/3719\/revisions"}],"wp:featuredmedia":[{"embeddable":true,"href":"https:\/\/www.ichr-porcelaine.com\/en\/wp-json\/wp\/v2\/media\/6312"}],"wp:attachment":[{"href":"https:\/\/www.ichr-porcelaine.com\/en\/wp-json\/wp\/v2\/media?parent=3719"}],"wp:term":[{"taxonomy":"product_brand","embeddable":true,"href":"https:\/\/www.ichr-porcelaine.com\/en\/wp-json\/wp\/v2\/product_brand?post=3719"},{"taxonomy":"product_cat","embeddable":true,"href":"https:\/\/www.ichr-porcelaine.com\/en\/wp-json\/wp\/v2\/product_cat?post=3719"},{"taxonomy":"product_tag","embeddable":true,"href":"https:\/\/www.ichr-porcelaine.com\/en\/wp-json\/wp\/v2\/product_tag?post=3719"}],"curies":[{"name":"wp","href":"https:\/\/api.w.org\/{rel}","templated":true}]}}