{"id":3710,"date":"2024-12-23T11:45:40","date_gmt":"2024-12-23T10:45:40","guid":{"rendered":"http:\/\/localhost:10024\/?post_type=product&#038;p=3710"},"modified":"2025-07-08T14:29:16","modified_gmt":"2025-07-08T12:29:16","slug":"theiere-droite","status":"publish","type":"product","link":"https:\/\/www.ichr-porcelaine.com\/en\/produit\/theiere-droite\/","title":{"rendered":"Th\u00e9i\u00e8re Droite"},"content":{"rendered":"","protected":false},"excerpt":{"rendered":"","protected":false},"featured_media":6322,"template":"","meta":{"_seopress_robots_primary_cat":"0","_seopress_titles_title":"Th\u00e9i\u00e8re Droite - Import CHR","_seopress_titles_desc":"Th\u00e9i\u00e8re droite en porcelaine \u2013 Import CHR. \u00c9l\u00e9gante et fonctionnelle, id\u00e9ale pour le service du th\u00e9 en salle. Parfaite pour les \u00e9tablissements de restauration et d\u2019h\u00f4tellerie.","_seopress_robots_index":""},"product_brand":[],"product_cat":[106],"product_tag":[],"class_list":{"0":"post-3710","1":"product","2":"type-product","3":"status-publish","4":"has-post-thumbnail","6":"product_cat-theieres","8":"first","9":"instock","10":"shipping-taxable","11":"purchasable","12":"product-type-variable"},"_links":{"self":[{"href":"https:\/\/www.ichr-porcelaine.com\/en\/wp-json\/wp\/v2\/product\/3710","targetHints":{"allow":["GET"]}}],"collection":[{"href":"https:\/\/www.ichr-porcelaine.com\/en\/wp-json\/wp\/v2\/product"}],"about":[{"href":"https:\/\/www.ichr-porcelaine.com\/en\/wp-json\/wp\/v2\/types\/product"}],"version-history":[{"count":0,"href":"https:\/\/www.ichr-porcelaine.com\/en\/wp-json\/wp\/v2\/product\/3710\/revisions"}],"wp:featuredmedia":[{"embeddable":true,"href":"https:\/\/www.ichr-porcelaine.com\/en\/wp-json\/wp\/v2\/media\/6322"}],"wp:attachment":[{"href":"https:\/\/www.ichr-porcelaine.com\/en\/wp-json\/wp\/v2\/media?parent=3710"}],"wp:term":[{"taxonomy":"product_brand","embeddable":true,"href":"https:\/\/www.ichr-porcelaine.com\/en\/wp-json\/wp\/v2\/product_brand?post=3710"},{"taxonomy":"product_cat","embeddable":true,"href":"https:\/\/www.ichr-porcelaine.com\/en\/wp-json\/wp\/v2\/product_cat?post=3710"},{"taxonomy":"product_tag","embeddable":true,"href":"https:\/\/www.ichr-porcelaine.com\/en\/wp-json\/wp\/v2\/product_tag?post=3710"}],"curies":[{"name":"wp","href":"https:\/\/api.w.org\/{rel}","templated":true}]}}