{"id":3706,"date":"2024-12-23T11:45:39","date_gmt":"2024-12-23T10:45:39","guid":{"rendered":"http:\/\/localhost:10024\/?post_type=product&#038;p=3706"},"modified":"2025-09-01T16:23:02","modified_gmt":"2025-09-01T14:23:02","slug":"tasse-a-cafe-luna-couleurs","status":"publish","type":"product","link":"https:\/\/www.ichr-porcelaine.com\/en\/produit\/tasse-a-cafe-luna-couleurs\/","title":{"rendered":"Tasse \u00e0 caf\u00e9 Luna couleurs 7CL"},"content":{"rendered":"","protected":false},"excerpt":{"rendered":"","protected":false},"featured_media":6722,"template":"","meta":{"_seopress_robots_primary_cat":"0","_seopress_titles_title":"Tasse \u00e0 Caf\u00e9 LUNA Couleurs - Import CHR","_seopress_titles_desc":"Tasse \u00e0 caf\u00e9 Luna en porcelaine color\u00e9e et personnalisable \u2013 Import CHR. \u00c9l\u00e9gante, robuste et professionnelle, parfaite pour le service de l\u2019expresso en h\u00f4tellerie-restauration.","_seopress_robots_index":""},"product_brand":[],"product_cat":[103,105],"product_tag":[],"class_list":{"0":"post-3706","1":"product","2":"type-product","3":"status-publish","4":"has-post-thumbnail","6":"product_cat-tasses-et-sous-tasses-couleurs","7":"product_cat-luna-tasses-et-sous-tasses-couleurs","9":"first","10":"instock","11":"shipping-taxable","12":"purchasable","13":"product-type-variable"},"_links":{"self":[{"href":"https:\/\/www.ichr-porcelaine.com\/en\/wp-json\/wp\/v2\/product\/3706","targetHints":{"allow":["GET"]}}],"collection":[{"href":"https:\/\/www.ichr-porcelaine.com\/en\/wp-json\/wp\/v2\/product"}],"about":[{"href":"https:\/\/www.ichr-porcelaine.com\/en\/wp-json\/wp\/v2\/types\/product"}],"version-history":[{"count":0,"href":"https:\/\/www.ichr-porcelaine.com\/en\/wp-json\/wp\/v2\/product\/3706\/revisions"}],"wp:featuredmedia":[{"embeddable":true,"href":"https:\/\/www.ichr-porcelaine.com\/en\/wp-json\/wp\/v2\/media\/6722"}],"wp:attachment":[{"href":"https:\/\/www.ichr-porcelaine.com\/en\/wp-json\/wp\/v2\/media?parent=3706"}],"wp:term":[{"taxonomy":"product_brand","embeddable":true,"href":"https:\/\/www.ichr-porcelaine.com\/en\/wp-json\/wp\/v2\/product_brand?post=3706"},{"taxonomy":"product_cat","embeddable":true,"href":"https:\/\/www.ichr-porcelaine.com\/en\/wp-json\/wp\/v2\/product_cat?post=3706"},{"taxonomy":"product_tag","embeddable":true,"href":"https:\/\/www.ichr-porcelaine.com\/en\/wp-json\/wp\/v2\/product_tag?post=3706"}],"curies":[{"name":"wp","href":"https:\/\/api.w.org\/{rel}","templated":true}]}}