{"id":3705,"date":"2024-12-23T11:45:39","date_gmt":"2024-12-23T10:45:39","guid":{"rendered":"http:\/\/localhost:10024\/?post_type=product&#038;p=3705"},"modified":"2025-09-15T15:11:17","modified_gmt":"2025-09-15T13:11:17","slug":"tasse-luna-35cl-couleurs","status":"publish","type":"product","link":"https:\/\/www.ichr-porcelaine.com\/en\/produit\/tasse-luna-35cl-couleurs\/","title":{"rendered":"Tasse Luna 35CL couleurs"},"content":{"rendered":"","protected":false},"excerpt":{"rendered":"","protected":false},"featured_media":6782,"template":"","meta":{"_seopress_robots_primary_cat":"0","_seopress_titles_title":"Tasse LUNA 35 cl Couleurs - Import CHR","_seopress_titles_desc":"Tasse Luna 35 cl en porcelaine color\u00e9e \u2013 Import CHR. Id\u00e9ale pour le caf\u00e9 cr\u00e8me ou le latte. Vaisselle professionnelle design, r\u00e9sistante et adapt\u00e9e aux \u00e9tablissements CHR.","_seopress_robots_index":""},"product_brand":[],"product_cat":[103,105],"product_tag":[],"class_list":{"0":"post-3705","1":"product","2":"type-product","3":"status-publish","4":"has-post-thumbnail","6":"product_cat-tasses-et-sous-tasses-couleurs","7":"product_cat-luna-tasses-et-sous-tasses-couleurs","9":"first","10":"instock","11":"shipping-taxable","12":"purchasable","13":"product-type-variable","14":"has-default-attributes"},"_links":{"self":[{"href":"https:\/\/www.ichr-porcelaine.com\/en\/wp-json\/wp\/v2\/product\/3705","targetHints":{"allow":["GET"]}}],"collection":[{"href":"https:\/\/www.ichr-porcelaine.com\/en\/wp-json\/wp\/v2\/product"}],"about":[{"href":"https:\/\/www.ichr-porcelaine.com\/en\/wp-json\/wp\/v2\/types\/product"}],"version-history":[{"count":0,"href":"https:\/\/www.ichr-porcelaine.com\/en\/wp-json\/wp\/v2\/product\/3705\/revisions"}],"wp:featuredmedia":[{"embeddable":true,"href":"https:\/\/www.ichr-porcelaine.com\/en\/wp-json\/wp\/v2\/media\/6782"}],"wp:attachment":[{"href":"https:\/\/www.ichr-porcelaine.com\/en\/wp-json\/wp\/v2\/media?parent=3705"}],"wp:term":[{"taxonomy":"product_brand","embeddable":true,"href":"https:\/\/www.ichr-porcelaine.com\/en\/wp-json\/wp\/v2\/product_brand?post=3705"},{"taxonomy":"product_cat","embeddable":true,"href":"https:\/\/www.ichr-porcelaine.com\/en\/wp-json\/wp\/v2\/product_cat?post=3705"},{"taxonomy":"product_tag","embeddable":true,"href":"https:\/\/www.ichr-porcelaine.com\/en\/wp-json\/wp\/v2\/product_tag?post=3705"}],"curies":[{"name":"wp","href":"https:\/\/api.w.org\/{rel}","templated":true}]}}