{"id":3691,"date":"2024-12-23T11:45:32","date_gmt":"2024-12-23T10:45:32","guid":{"rendered":"http:\/\/localhost:10024\/produit\/sous-tasse-a-cafe-eva\/"},"modified":"2025-07-15T10:43:17","modified_gmt":"2025-07-15T08:43:17","slug":"sous-tasse-a-cafe-eva","status":"publish","type":"product","link":"https:\/\/www.ichr-porcelaine.com\/en\/produit\/sous-tasse-a-cafe-eva\/","title":{"rendered":"Sous-tasse \u00e0 caf\u00e9 Eva"},"content":{"rendered":"","protected":false},"excerpt":{"rendered":"","protected":false},"featured_media":7010,"template":"","meta":{"_seopress_robots_primary_cat":"0","_seopress_titles_title":"Sous-Tasse \u00e0 Caf\u00e9 EVA - Import CHR","_seopress_titles_desc":"Sous-tasse \u00e0 caf\u00e9 Eva en porcelaine personnalisable \u2013 Import CHR. \u00c9l\u00e9gante et robuste, assortie \u00e0 la tasse Eva, id\u00e9ale pour le service du caf\u00e9 expresso en h\u00f4tellerie et restauration.","_seopress_robots_index":""},"product_brand":[],"product_cat":[85,102],"product_tag":[],"class_list":{"0":"post-3691","1":"product","2":"type-product","3":"status-publish","4":"has-post-thumbnail","6":"product_cat-tasses-et-sous-tasses-blanches","7":"product_cat-sous-tasses","9":"first","10":"instock","11":"shipping-taxable","12":"purchasable","13":"product-type-simple"},"_links":{"self":[{"href":"https:\/\/www.ichr-porcelaine.com\/en\/wp-json\/wp\/v2\/product\/3691","targetHints":{"allow":["GET"]}}],"collection":[{"href":"https:\/\/www.ichr-porcelaine.com\/en\/wp-json\/wp\/v2\/product"}],"about":[{"href":"https:\/\/www.ichr-porcelaine.com\/en\/wp-json\/wp\/v2\/types\/product"}],"version-history":[{"count":0,"href":"https:\/\/www.ichr-porcelaine.com\/en\/wp-json\/wp\/v2\/product\/3691\/revisions"}],"wp:featuredmedia":[{"embeddable":true,"href":"https:\/\/www.ichr-porcelaine.com\/en\/wp-json\/wp\/v2\/media\/7010"}],"wp:attachment":[{"href":"https:\/\/www.ichr-porcelaine.com\/en\/wp-json\/wp\/v2\/media?parent=3691"}],"wp:term":[{"taxonomy":"product_brand","embeddable":true,"href":"https:\/\/www.ichr-porcelaine.com\/en\/wp-json\/wp\/v2\/product_brand?post=3691"},{"taxonomy":"product_cat","embeddable":true,"href":"https:\/\/www.ichr-porcelaine.com\/en\/wp-json\/wp\/v2\/product_cat?post=3691"},{"taxonomy":"product_tag","embeddable":true,"href":"https:\/\/www.ichr-porcelaine.com\/en\/wp-json\/wp\/v2\/product_tag?post=3691"}],"curies":[{"name":"wp","href":"https:\/\/api.w.org\/{rel}","templated":true}]}}