{"id":3690,"date":"2024-12-23T11:45:29","date_gmt":"2024-12-23T10:45:29","guid":{"rendered":"http:\/\/localhost:10024\/produit\/set-couvercle-filtre-a-the-porcelaine\/"},"modified":"2025-07-15T10:49:38","modified_gmt":"2025-07-15T08:49:38","slug":"set-couvercle-filtre-a-the-porcelaine","status":"publish","type":"product","link":"https:\/\/www.ichr-porcelaine.com\/en\/produit\/set-couvercle-filtre-a-the-porcelaine\/","title":{"rendered":"Set couvercle &#038; filtre \u00e0 th\u00e9 porcelaine"},"content":{"rendered":"","protected":false},"excerpt":{"rendered":"","protected":false},"featured_media":7013,"template":"","meta":{"_seopress_robots_primary_cat":"0","_seopress_titles_title":"Set Couvercle et Filtre \u00e0 Th\u00e9 Porcelaine - Import CHR","_seopress_titles_desc":"Set couvercle et filtre \u00e0 th\u00e9 en porcelaine personnalisable \u2013 Import CHR. Pratique et \u00e9l\u00e9gant, id\u00e9al pour le service du th\u00e9 en h\u00f4tellerie, restauration et salons de th\u00e9 professionnels.","_seopress_robots_index":""},"product_brand":[],"product_cat":[85,100],"product_tag":[],"class_list":{"0":"post-3690","1":"product","2":"type-product","3":"status-publish","4":"has-post-thumbnail","6":"product_cat-tasses-et-sous-tasses-blanches","7":"product_cat-mugs","9":"first","10":"instock","11":"shipping-taxable","12":"purchasable","13":"product-type-simple"},"_links":{"self":[{"href":"https:\/\/www.ichr-porcelaine.com\/en\/wp-json\/wp\/v2\/product\/3690","targetHints":{"allow":["GET"]}}],"collection":[{"href":"https:\/\/www.ichr-porcelaine.com\/en\/wp-json\/wp\/v2\/product"}],"about":[{"href":"https:\/\/www.ichr-porcelaine.com\/en\/wp-json\/wp\/v2\/types\/product"}],"version-history":[{"count":0,"href":"https:\/\/www.ichr-porcelaine.com\/en\/wp-json\/wp\/v2\/product\/3690\/revisions"}],"wp:featuredmedia":[{"embeddable":true,"href":"https:\/\/www.ichr-porcelaine.com\/en\/wp-json\/wp\/v2\/media\/7013"}],"wp:attachment":[{"href":"https:\/\/www.ichr-porcelaine.com\/en\/wp-json\/wp\/v2\/media?parent=3690"}],"wp:term":[{"taxonomy":"product_brand","embeddable":true,"href":"https:\/\/www.ichr-porcelaine.com\/en\/wp-json\/wp\/v2\/product_brand?post=3690"},{"taxonomy":"product_cat","embeddable":true,"href":"https:\/\/www.ichr-porcelaine.com\/en\/wp-json\/wp\/v2\/product_cat?post=3690"},{"taxonomy":"product_tag","embeddable":true,"href":"https:\/\/www.ichr-porcelaine.com\/en\/wp-json\/wp\/v2\/product_tag?post=3690"}],"curies":[{"name":"wp","href":"https:\/\/api.w.org\/{rel}","templated":true}]}}