{"id":3687,"date":"2024-12-23T11:45:29","date_gmt":"2024-12-23T10:45:29","guid":{"rendered":"http:\/\/localhost:10024\/produit\/mug-europe-30cl\/"},"modified":"2025-09-22T08:46:19","modified_gmt":"2025-09-22T06:46:19","slug":"mug-europe-30cl","status":"publish","type":"product","link":"https:\/\/www.ichr-porcelaine.com\/en\/produit\/mug-europe-30cl\/","title":{"rendered":"Mug Europe 30CL"},"content":{"rendered":"","protected":false},"excerpt":{"rendered":"","protected":false},"featured_media":7410,"template":"","meta":{"_seopress_robots_primary_cat":"0","_seopress_titles_title":"Mug Europe 30 cl - Import CHR","_seopress_titles_desc":"Mug Europe 30 cl en porcelaine personnalisable \u2013 Import CHR. \u00c9l\u00e9gant et r\u00e9sistant, id\u00e9al pour le caf\u00e9 ou le th\u00e9. Vaisselle professionnelle pour h\u00f4tels, restaurants et caf\u00e9s.","_seopress_robots_index":""},"product_brand":[],"product_cat":[85,100],"product_tag":[],"class_list":{"0":"post-3687","1":"product","2":"type-product","3":"status-publish","4":"has-post-thumbnail","6":"product_cat-tasses-et-sous-tasses-blanches","7":"product_cat-mugs","9":"first","10":"instock","11":"shipping-taxable","12":"purchasable","13":"product-type-simple"},"_links":{"self":[{"href":"https:\/\/www.ichr-porcelaine.com\/en\/wp-json\/wp\/v2\/product\/3687","targetHints":{"allow":["GET"]}}],"collection":[{"href":"https:\/\/www.ichr-porcelaine.com\/en\/wp-json\/wp\/v2\/product"}],"about":[{"href":"https:\/\/www.ichr-porcelaine.com\/en\/wp-json\/wp\/v2\/types\/product"}],"version-history":[{"count":0,"href":"https:\/\/www.ichr-porcelaine.com\/en\/wp-json\/wp\/v2\/product\/3687\/revisions"}],"wp:featuredmedia":[{"embeddable":true,"href":"https:\/\/www.ichr-porcelaine.com\/en\/wp-json\/wp\/v2\/media\/7410"}],"wp:attachment":[{"href":"https:\/\/www.ichr-porcelaine.com\/en\/wp-json\/wp\/v2\/media?parent=3687"}],"wp:term":[{"taxonomy":"product_brand","embeddable":true,"href":"https:\/\/www.ichr-porcelaine.com\/en\/wp-json\/wp\/v2\/product_brand?post=3687"},{"taxonomy":"product_cat","embeddable":true,"href":"https:\/\/www.ichr-porcelaine.com\/en\/wp-json\/wp\/v2\/product_cat?post=3687"},{"taxonomy":"product_tag","embeddable":true,"href":"https:\/\/www.ichr-porcelaine.com\/en\/wp-json\/wp\/v2\/product_tag?post=3687"}],"curies":[{"name":"wp","href":"https:\/\/api.w.org\/{rel}","templated":true}]}}