{"id":3686,"date":"2024-12-23T11:45:25","date_gmt":"2024-12-23T10:45:25","guid":{"rendered":"http:\/\/localhost:10024\/?post_type=product&#038;p=3686"},"modified":"2025-07-15T14:59:41","modified_gmt":"2025-07-15T12:59:41","slug":"tasse-paola-8cl-couleurs","status":"publish","type":"product","link":"https:\/\/www.ichr-porcelaine.com\/en\/produit\/tasse-paola-8cl-couleurs\/","title":{"rendered":"Tasse Paola 8CL couleurs"},"content":{"rendered":"","protected":false},"excerpt":{"rendered":"","protected":false},"featured_media":6351,"template":"","meta":{"_seopress_robots_primary_cat":"0","_seopress_titles_title":"Tasse PAOLA 8 cl Couleurs - Import CHR","_seopress_titles_desc":"Tasse Paola 8 cl en porcelaine color\u00e9e \u2013 Import CHR. Id\u00e9ale pour le service du caf\u00e9 expresso. Design moderne, finitions soign\u00e9es et qualit\u00e9 professionnelle pour CHR.","_seopress_robots_index":""},"product_brand":[],"product_cat":[103,104],"product_tag":[],"class_list":{"0":"post-3686","1":"product","2":"type-product","3":"status-publish","4":"has-post-thumbnail","6":"product_cat-tasses-et-sous-tasses-couleurs","7":"product_cat-paola-tasses-et-sous-tasses-couleurs","9":"first","10":"instock","11":"shipping-taxable","12":"purchasable","13":"product-type-variable"},"_links":{"self":[{"href":"https:\/\/www.ichr-porcelaine.com\/en\/wp-json\/wp\/v2\/product\/3686","targetHints":{"allow":["GET"]}}],"collection":[{"href":"https:\/\/www.ichr-porcelaine.com\/en\/wp-json\/wp\/v2\/product"}],"about":[{"href":"https:\/\/www.ichr-porcelaine.com\/en\/wp-json\/wp\/v2\/types\/product"}],"version-history":[{"count":0,"href":"https:\/\/www.ichr-porcelaine.com\/en\/wp-json\/wp\/v2\/product\/3686\/revisions"}],"wp:featuredmedia":[{"embeddable":true,"href":"https:\/\/www.ichr-porcelaine.com\/en\/wp-json\/wp\/v2\/media\/6351"}],"wp:attachment":[{"href":"https:\/\/www.ichr-porcelaine.com\/en\/wp-json\/wp\/v2\/media?parent=3686"}],"wp:term":[{"taxonomy":"product_brand","embeddable":true,"href":"https:\/\/www.ichr-porcelaine.com\/en\/wp-json\/wp\/v2\/product_brand?post=3686"},{"taxonomy":"product_cat","embeddable":true,"href":"https:\/\/www.ichr-porcelaine.com\/en\/wp-json\/wp\/v2\/product_cat?post=3686"},{"taxonomy":"product_tag","embeddable":true,"href":"https:\/\/www.ichr-porcelaine.com\/en\/wp-json\/wp\/v2\/product_tag?post=3686"}],"curies":[{"name":"wp","href":"https:\/\/api.w.org\/{rel}","templated":true}]}}