{"id":3685,"date":"2024-12-23T11:45:25","date_gmt":"2024-12-23T10:45:25","guid":{"rendered":"http:\/\/localhost:10024\/?post_type=product&#038;p=3685"},"modified":"2025-09-01T16:22:11","modified_gmt":"2025-09-01T14:22:11","slug":"tasse-paola-20cl-couleurs","status":"publish","type":"product","link":"https:\/\/www.ichr-porcelaine.com\/en\/produit\/tasse-paola-20cl-couleurs\/","title":{"rendered":"Tasse Paola 20CL couleurs"},"content":{"rendered":"","protected":false},"excerpt":{"rendered":"","protected":false},"featured_media":6335,"template":"","meta":{"_seopress_robots_primary_cat":"0","_seopress_titles_title":"Tasse PAOLA 20 cl Couleurs - Import CHR","_seopress_titles_desc":"Tasse Paola 20 cl en porcelaine color\u00e9e \u2013 Import CHR. Parfaite pour le caf\u00e9 long ou le cappuccino. Design \u00e9l\u00e9gant, finitions haut de gamme et qualit\u00e9 professionnelle CHR.","_seopress_robots_index":""},"product_brand":[],"product_cat":[103,104],"product_tag":[],"class_list":{"0":"post-3685","1":"product","2":"type-product","3":"status-publish","4":"has-post-thumbnail","6":"product_cat-tasses-et-sous-tasses-couleurs","7":"product_cat-paola-tasses-et-sous-tasses-couleurs","9":"first","10":"instock","11":"shipping-taxable","12":"purchasable","13":"product-type-variable"},"_links":{"self":[{"href":"https:\/\/www.ichr-porcelaine.com\/en\/wp-json\/wp\/v2\/product\/3685","targetHints":{"allow":["GET"]}}],"collection":[{"href":"https:\/\/www.ichr-porcelaine.com\/en\/wp-json\/wp\/v2\/product"}],"about":[{"href":"https:\/\/www.ichr-porcelaine.com\/en\/wp-json\/wp\/v2\/types\/product"}],"version-history":[{"count":0,"href":"https:\/\/www.ichr-porcelaine.com\/en\/wp-json\/wp\/v2\/product\/3685\/revisions"}],"wp:featuredmedia":[{"embeddable":true,"href":"https:\/\/www.ichr-porcelaine.com\/en\/wp-json\/wp\/v2\/media\/6335"}],"wp:attachment":[{"href":"https:\/\/www.ichr-porcelaine.com\/en\/wp-json\/wp\/v2\/media?parent=3685"}],"wp:term":[{"taxonomy":"product_brand","embeddable":true,"href":"https:\/\/www.ichr-porcelaine.com\/en\/wp-json\/wp\/v2\/product_brand?post=3685"},{"taxonomy":"product_cat","embeddable":true,"href":"https:\/\/www.ichr-porcelaine.com\/en\/wp-json\/wp\/v2\/product_cat?post=3685"},{"taxonomy":"product_tag","embeddable":true,"href":"https:\/\/www.ichr-porcelaine.com\/en\/wp-json\/wp\/v2\/product_tag?post=3685"}],"curies":[{"name":"wp","href":"https:\/\/api.w.org\/{rel}","templated":true}]}}