{"id":3673,"date":"2024-12-23T11:45:22","date_gmt":"2024-12-23T10:45:22","guid":{"rendered":"http:\/\/localhost:10024\/?post_type=product&#038;p=3673"},"modified":"2025-06-16T15:58:04","modified_gmt":"2025-06-16T13:58:04","slug":"sous-tasse-hella-20cl","status":"publish","type":"product","link":"https:\/\/www.ichr-porcelaine.com\/en\/produit\/sous-tasse-hella-20cl\/","title":{"rendered":"Sous-tasse  Hella 20CL"},"content":{"rendered":"","protected":false},"excerpt":{"rendered":"","protected":false},"featured_media":6360,"template":"","meta":{"_seopress_robots_primary_cat":"0","_seopress_titles_title":"Sous-Tasse HELLA 20 cl - Import CHR","_seopress_titles_desc":"Sous-tasse Hella 20 cl en porcelaine personnalisable \u2013 Import CHR. \u00c9l\u00e9gante et r\u00e9sistante, assortie \u00e0 la tasse Hella, parfaite pour le service du caf\u00e9 ou du cappuccino en h\u00f4tellerie-restauration.","_seopress_robots_index":""},"product_brand":[],"product_cat":[85,102],"product_tag":[],"class_list":{"0":"post-3673","1":"product","2":"type-product","3":"status-publish","4":"has-post-thumbnail","6":"product_cat-tasses-et-sous-tasses-blanches","7":"product_cat-sous-tasses","9":"first","10":"instock","11":"shipping-taxable","12":"purchasable","13":"product-type-simple"},"_links":{"self":[{"href":"https:\/\/www.ichr-porcelaine.com\/en\/wp-json\/wp\/v2\/product\/3673","targetHints":{"allow":["GET"]}}],"collection":[{"href":"https:\/\/www.ichr-porcelaine.com\/en\/wp-json\/wp\/v2\/product"}],"about":[{"href":"https:\/\/www.ichr-porcelaine.com\/en\/wp-json\/wp\/v2\/types\/product"}],"version-history":[{"count":0,"href":"https:\/\/www.ichr-porcelaine.com\/en\/wp-json\/wp\/v2\/product\/3673\/revisions"}],"wp:featuredmedia":[{"embeddable":true,"href":"https:\/\/www.ichr-porcelaine.com\/en\/wp-json\/wp\/v2\/media\/6360"}],"wp:attachment":[{"href":"https:\/\/www.ichr-porcelaine.com\/en\/wp-json\/wp\/v2\/media?parent=3673"}],"wp:term":[{"taxonomy":"product_brand","embeddable":true,"href":"https:\/\/www.ichr-porcelaine.com\/en\/wp-json\/wp\/v2\/product_brand?post=3673"},{"taxonomy":"product_cat","embeddable":true,"href":"https:\/\/www.ichr-porcelaine.com\/en\/wp-json\/wp\/v2\/product_cat?post=3673"},{"taxonomy":"product_tag","embeddable":true,"href":"https:\/\/www.ichr-porcelaine.com\/en\/wp-json\/wp\/v2\/product_tag?post=3673"}],"curies":[{"name":"wp","href":"https:\/\/api.w.org\/{rel}","templated":true}]}}