{"id":3665,"date":"2024-12-23T11:45:12","date_gmt":"2024-12-23T10:45:12","guid":{"rendered":"http:\/\/localhost:10024\/?post_type=product&#038;p=3665"},"modified":"2025-06-17T09:46:07","modified_gmt":"2025-06-17T07:46:07","slug":"tasse-hella-25cl","status":"publish","type":"product","link":"https:\/\/www.ichr-porcelaine.com\/en\/produit\/tasse-hella-25cl\/","title":{"rendered":"Tasse Hella 25CL"},"content":{"rendered":"","protected":false},"excerpt":{"rendered":"","protected":false},"featured_media":6373,"template":"","meta":{"_seopress_robots_primary_cat":"0","_seopress_titles_title":"Tasse HELLA 25 cl - Import CHR","_seopress_titles_desc":"Tasse Hella 25 cl en porcelaine \u2013 Import CHR. \u00c9l\u00e9gante et r\u00e9sistante, id\u00e9ale pour le service du caf\u00e9 ou du th\u00e9. Vaisselle professionnelle adapt\u00e9e \u00e0 la restauration et \u00e0 l\u2019h\u00f4tellerie.","_seopress_robots_index":""},"product_brand":[],"product_cat":[85,98],"product_tag":[],"class_list":{"0":"post-3665","1":"product","2":"type-product","3":"status-publish","4":"has-post-thumbnail","6":"product_cat-tasses-et-sous-tasses-blanches","7":"product_cat-hella","9":"first","10":"instock","11":"shipping-taxable","12":"purchasable","13":"product-type-simple"},"_links":{"self":[{"href":"https:\/\/www.ichr-porcelaine.com\/en\/wp-json\/wp\/v2\/product\/3665","targetHints":{"allow":["GET"]}}],"collection":[{"href":"https:\/\/www.ichr-porcelaine.com\/en\/wp-json\/wp\/v2\/product"}],"about":[{"href":"https:\/\/www.ichr-porcelaine.com\/en\/wp-json\/wp\/v2\/types\/product"}],"version-history":[{"count":0,"href":"https:\/\/www.ichr-porcelaine.com\/en\/wp-json\/wp\/v2\/product\/3665\/revisions"}],"wp:featuredmedia":[{"embeddable":true,"href":"https:\/\/www.ichr-porcelaine.com\/en\/wp-json\/wp\/v2\/media\/6373"}],"wp:attachment":[{"href":"https:\/\/www.ichr-porcelaine.com\/en\/wp-json\/wp\/v2\/media?parent=3665"}],"wp:term":[{"taxonomy":"product_brand","embeddable":true,"href":"https:\/\/www.ichr-porcelaine.com\/en\/wp-json\/wp\/v2\/product_brand?post=3665"},{"taxonomy":"product_cat","embeddable":true,"href":"https:\/\/www.ichr-porcelaine.com\/en\/wp-json\/wp\/v2\/product_cat?post=3665"},{"taxonomy":"product_tag","embeddable":true,"href":"https:\/\/www.ichr-porcelaine.com\/en\/wp-json\/wp\/v2\/product_tag?post=3665"}],"curies":[{"name":"wp","href":"https:\/\/api.w.org\/{rel}","templated":true}]}}