{"id":3658,"date":"2024-12-23T11:45:10","date_gmt":"2024-12-23T10:45:10","guid":{"rendered":"http:\/\/localhost:10024\/?post_type=product&#038;p=3658"},"modified":"2025-06-17T10:14:03","modified_gmt":"2025-06-17T08:14:03","slug":"tasse-a-cafe-volcano-7cl","status":"publish","type":"product","link":"https:\/\/www.ichr-porcelaine.com\/en\/produit\/tasse-a-cafe-volcano-7cl\/","title":{"rendered":"Tasse \u00e0 caf\u00e9 Volcano 7CL"},"content":{"rendered":"","protected":false},"excerpt":{"rendered":"","protected":false},"featured_media":6393,"template":"","meta":{"_seopress_robots_primary_cat":"0","_seopress_titles_title":"Tasse \u00e0 Caf\u00e9 VOLCANO 7 cl - Import CHR","_seopress_titles_desc":"Tasse \u00e0 caf\u00e9 Volcano 7 cl en porcelaine personnalisable \u2013 Import CHR. \u00c9l\u00e9gante et r\u00e9sistante, id\u00e9ale pour le service de l\u2019expresso. Qualit\u00e9 professionnelle pour caf\u00e9s, h\u00f4tels et restaurants.","_seopress_robots_index":""},"product_brand":[],"product_cat":[85,95],"product_tag":[],"class_list":{"0":"post-3658","1":"product","2":"type-product","3":"status-publish","4":"has-post-thumbnail","6":"product_cat-tasses-et-sous-tasses-blanches","7":"product_cat-volcano","9":"first","10":"instock","11":"shipping-taxable","12":"purchasable","13":"product-type-simple"},"_links":{"self":[{"href":"https:\/\/www.ichr-porcelaine.com\/en\/wp-json\/wp\/v2\/product\/3658","targetHints":{"allow":["GET"]}}],"collection":[{"href":"https:\/\/www.ichr-porcelaine.com\/en\/wp-json\/wp\/v2\/product"}],"about":[{"href":"https:\/\/www.ichr-porcelaine.com\/en\/wp-json\/wp\/v2\/types\/product"}],"version-history":[{"count":0,"href":"https:\/\/www.ichr-porcelaine.com\/en\/wp-json\/wp\/v2\/product\/3658\/revisions"}],"wp:featuredmedia":[{"embeddable":true,"href":"https:\/\/www.ichr-porcelaine.com\/en\/wp-json\/wp\/v2\/media\/6393"}],"wp:attachment":[{"href":"https:\/\/www.ichr-porcelaine.com\/en\/wp-json\/wp\/v2\/media?parent=3658"}],"wp:term":[{"taxonomy":"product_brand","embeddable":true,"href":"https:\/\/www.ichr-porcelaine.com\/en\/wp-json\/wp\/v2\/product_brand?post=3658"},{"taxonomy":"product_cat","embeddable":true,"href":"https:\/\/www.ichr-porcelaine.com\/en\/wp-json\/wp\/v2\/product_cat?post=3658"},{"taxonomy":"product_tag","embeddable":true,"href":"https:\/\/www.ichr-porcelaine.com\/en\/wp-json\/wp\/v2\/product_tag?post=3658"}],"curies":[{"name":"wp","href":"https:\/\/api.w.org\/{rel}","templated":true}]}}