{"id":3644,"date":"2024-12-23T11:45:08","date_gmt":"2024-12-23T10:45:08","guid":{"rendered":"http:\/\/localhost:10024\/?post_type=product&#038;p=3644"},"modified":"2025-07-15T11:14:58","modified_gmt":"2025-07-15T09:14:58","slug":"tasse-a-the-chocolat-degustation-20-cl","status":"publish","type":"product","link":"https:\/\/www.ichr-porcelaine.com\/en\/produit\/tasse-a-the-chocolat-degustation-20-cl\/","title":{"rendered":"Tasse \u00e0 th\u00e9 \/ chocolat D\u00e9gustation 20 cl"},"content":{"rendered":"","protected":false},"excerpt":{"rendered":"","protected":false},"featured_media":7033,"template":"","meta":{"_seopress_robots_primary_cat":"0","_seopress_titles_title":"Tasse \u00e0 th\u00e9 Chocolat D\u00e9gustation 20 cl - Import CHR","_seopress_titles_desc":"Tasse \u00e0 th\u00e9 ou chocolat D\u00e9gustation 20 cl en porcelaine personnalisable \u2013 Import CHR. \u00c9l\u00e9gante et r\u00e9sistante, id\u00e9ale pour le service du th\u00e9, chocolat ou caf\u00e9 en \u00e9tablissement CHR.","_seopress_robots_index":""},"product_brand":[],"product_cat":[85,91],"product_tag":[],"class_list":{"0":"post-3644","1":"product","2":"type-product","3":"status-publish","4":"has-post-thumbnail","6":"product_cat-tasses-et-sous-tasses-blanches","7":"product_cat-degustation","9":"first","10":"instock","11":"shipping-taxable","12":"purchasable","13":"product-type-simple"},"_links":{"self":[{"href":"https:\/\/www.ichr-porcelaine.com\/en\/wp-json\/wp\/v2\/product\/3644","targetHints":{"allow":["GET"]}}],"collection":[{"href":"https:\/\/www.ichr-porcelaine.com\/en\/wp-json\/wp\/v2\/product"}],"about":[{"href":"https:\/\/www.ichr-porcelaine.com\/en\/wp-json\/wp\/v2\/types\/product"}],"version-history":[{"count":0,"href":"https:\/\/www.ichr-porcelaine.com\/en\/wp-json\/wp\/v2\/product\/3644\/revisions"}],"wp:featuredmedia":[{"embeddable":true,"href":"https:\/\/www.ichr-porcelaine.com\/en\/wp-json\/wp\/v2\/media\/7033"}],"wp:attachment":[{"href":"https:\/\/www.ichr-porcelaine.com\/en\/wp-json\/wp\/v2\/media?parent=3644"}],"wp:term":[{"taxonomy":"product_brand","embeddable":true,"href":"https:\/\/www.ichr-porcelaine.com\/en\/wp-json\/wp\/v2\/product_brand?post=3644"},{"taxonomy":"product_cat","embeddable":true,"href":"https:\/\/www.ichr-porcelaine.com\/en\/wp-json\/wp\/v2\/product_cat?post=3644"},{"taxonomy":"product_tag","embeddable":true,"href":"https:\/\/www.ichr-porcelaine.com\/en\/wp-json\/wp\/v2\/product_tag?post=3644"}],"curies":[{"name":"wp","href":"https:\/\/api.w.org\/{rel}","templated":true}]}}