{"id":3642,"date":"2024-12-23T11:45:07","date_gmt":"2024-12-23T10:45:07","guid":{"rendered":"http:\/\/localhost:10024\/?post_type=product&#038;p=3642"},"modified":"2025-07-15T11:24:13","modified_gmt":"2025-07-15T09:24:13","slug":"sous-tasse-a-the-boule","status":"publish","type":"product","link":"https:\/\/www.ichr-porcelaine.com\/en\/produit\/sous-tasse-a-the-boule\/","title":{"rendered":"Sous-tasse \u00e0 th\u00e9 Boule"},"content":{"rendered":"","protected":false},"excerpt":{"rendered":"","protected":false},"featured_media":7052,"template":"","meta":{"_seopress_robots_primary_cat":"0","_seopress_titles_title":"Sous-Tasse \u00e0 Th\u00e9 Boule - Import CHR","_seopress_titles_desc":"Sous-tasse \u00e0 th\u00e9 Boule en porcelaine personnalisable \u2013 Import CHR. \u00c9l\u00e9gante et r\u00e9sistante, assortie \u00e0 la tasse Boule, id\u00e9ale pour le service du th\u00e9 en h\u00f4tellerie et restauration.","_seopress_robots_index":""},"product_brand":[],"product_cat":[85,102],"product_tag":[],"class_list":{"0":"post-3642","1":"product","2":"type-product","3":"status-publish","4":"has-post-thumbnail","6":"product_cat-tasses-et-sous-tasses-blanches","7":"product_cat-sous-tasses","9":"first","10":"instock","11":"shipping-taxable","12":"purchasable","13":"product-type-simple"},"_links":{"self":[{"href":"https:\/\/www.ichr-porcelaine.com\/en\/wp-json\/wp\/v2\/product\/3642","targetHints":{"allow":["GET"]}}],"collection":[{"href":"https:\/\/www.ichr-porcelaine.com\/en\/wp-json\/wp\/v2\/product"}],"about":[{"href":"https:\/\/www.ichr-porcelaine.com\/en\/wp-json\/wp\/v2\/types\/product"}],"version-history":[{"count":0,"href":"https:\/\/www.ichr-porcelaine.com\/en\/wp-json\/wp\/v2\/product\/3642\/revisions"}],"wp:featuredmedia":[{"embeddable":true,"href":"https:\/\/www.ichr-porcelaine.com\/en\/wp-json\/wp\/v2\/media\/7052"}],"wp:attachment":[{"href":"https:\/\/www.ichr-porcelaine.com\/en\/wp-json\/wp\/v2\/media?parent=3642"}],"wp:term":[{"taxonomy":"product_brand","embeddable":true,"href":"https:\/\/www.ichr-porcelaine.com\/en\/wp-json\/wp\/v2\/product_brand?post=3642"},{"taxonomy":"product_cat","embeddable":true,"href":"https:\/\/www.ichr-porcelaine.com\/en\/wp-json\/wp\/v2\/product_cat?post=3642"},{"taxonomy":"product_tag","embeddable":true,"href":"https:\/\/www.ichr-porcelaine.com\/en\/wp-json\/wp\/v2\/product_tag?post=3642"}],"curies":[{"name":"wp","href":"https:\/\/api.w.org\/{rel}","templated":true}]}}