{"id":3637,"date":"2024-12-23T11:45:07","date_gmt":"2024-12-23T10:45:07","guid":{"rendered":"http:\/\/localhost:10024\/?post_type=product&#038;p=3637"},"modified":"2025-06-17T10:34:15","modified_gmt":"2025-06-17T08:34:15","slug":"tasse-a-the-boule-15cl","status":"publish","type":"product","link":"https:\/\/www.ichr-porcelaine.com\/en\/produit\/tasse-a-the-boule-15cl\/","title":{"rendered":"Tasse \u00e0 th\u00e9 Boule 15CL"},"content":{"rendered":"","protected":false},"excerpt":{"rendered":"","protected":false},"featured_media":6404,"template":"","meta":{"_seopress_robots_primary_cat":"0","_seopress_titles_title":"Tasse \u00e0 Th\u00e9 Boule 15 cl - Import CHR","_seopress_titles_desc":"Tasse \u00e0 th\u00e9 boule 15 cl en porcelaine personnalisable \u2013 Import CHR. \u00c9l\u00e9gante et r\u00e9sistante, parfaite pour le service du th\u00e9 ou du caf\u00e9. Qualit\u00e9 professionnelle pour CHR.","_seopress_robots_index":""},"product_brand":[],"product_cat":[85,90],"product_tag":[],"class_list":{"0":"post-3637","1":"product","2":"type-product","3":"status-publish","4":"has-post-thumbnail","6":"product_cat-tasses-et-sous-tasses-blanches","7":"product_cat-boule","9":"first","10":"instock","11":"shipping-taxable","12":"purchasable","13":"product-type-simple"},"_links":{"self":[{"href":"https:\/\/www.ichr-porcelaine.com\/en\/wp-json\/wp\/v2\/product\/3637","targetHints":{"allow":["GET"]}}],"collection":[{"href":"https:\/\/www.ichr-porcelaine.com\/en\/wp-json\/wp\/v2\/product"}],"about":[{"href":"https:\/\/www.ichr-porcelaine.com\/en\/wp-json\/wp\/v2\/types\/product"}],"version-history":[{"count":0,"href":"https:\/\/www.ichr-porcelaine.com\/en\/wp-json\/wp\/v2\/product\/3637\/revisions"}],"wp:featuredmedia":[{"embeddable":true,"href":"https:\/\/www.ichr-porcelaine.com\/en\/wp-json\/wp\/v2\/media\/6404"}],"wp:attachment":[{"href":"https:\/\/www.ichr-porcelaine.com\/en\/wp-json\/wp\/v2\/media?parent=3637"}],"wp:term":[{"taxonomy":"product_brand","embeddable":true,"href":"https:\/\/www.ichr-porcelaine.com\/en\/wp-json\/wp\/v2\/product_brand?post=3637"},{"taxonomy":"product_cat","embeddable":true,"href":"https:\/\/www.ichr-porcelaine.com\/en\/wp-json\/wp\/v2\/product_cat?post=3637"},{"taxonomy":"product_tag","embeddable":true,"href":"https:\/\/www.ichr-porcelaine.com\/en\/wp-json\/wp\/v2\/product_tag?post=3637"}],"curies":[{"name":"wp","href":"https:\/\/api.w.org\/{rel}","templated":true}]}}