{"id":3631,"date":"2024-12-23T11:45:05","date_gmt":"2024-12-23T10:45:05","guid":{"rendered":"http:\/\/localhost:10024\/?post_type=product&#038;p=3631"},"modified":"2025-02-05T10:59:03","modified_gmt":"2025-02-05T09:59:03","slug":"tasse-a-cappuccino-bari-20cl","status":"publish","type":"product","link":"https:\/\/www.ichr-porcelaine.com\/en\/produit\/tasse-a-cappuccino-bari-20cl\/","title":{"rendered":"Tasse \u00e0 cappuccino Bari 20CL"},"content":{"rendered":"","protected":false},"excerpt":{"rendered":"","protected":false},"featured_media":0,"template":"","meta":{"_seopress_robots_primary_cat":"0","_seopress_titles_title":"Tasse \u00e0 Cappuccino BARI 20 cl - Import CHR","_seopress_titles_desc":"Tasse \u00e0 cappuccino Bari 20 cl en porcelaine personnalisable \u2013 Import CHR. \u00c9l\u00e9gante, robuste et professionnelle, parfaite pour le service du cappuccino ou du caf\u00e9 en CHR.","_seopress_robots_index":""},"product_brand":[],"product_cat":[85,87],"product_tag":[],"class_list":{"0":"post-3631","1":"product","2":"type-product","3":"status-publish","5":"product_cat-tasses-et-sous-tasses-blanches","6":"product_cat-bari","8":"first","9":"instock","10":"shipping-taxable","11":"purchasable","12":"product-type-simple"},"_links":{"self":[{"href":"https:\/\/www.ichr-porcelaine.com\/en\/wp-json\/wp\/v2\/product\/3631","targetHints":{"allow":["GET"]}}],"collection":[{"href":"https:\/\/www.ichr-porcelaine.com\/en\/wp-json\/wp\/v2\/product"}],"about":[{"href":"https:\/\/www.ichr-porcelaine.com\/en\/wp-json\/wp\/v2\/types\/product"}],"version-history":[{"count":0,"href":"https:\/\/www.ichr-porcelaine.com\/en\/wp-json\/wp\/v2\/product\/3631\/revisions"}],"wp:attachment":[{"href":"https:\/\/www.ichr-porcelaine.com\/en\/wp-json\/wp\/v2\/media?parent=3631"}],"wp:term":[{"taxonomy":"product_brand","embeddable":true,"href":"https:\/\/www.ichr-porcelaine.com\/en\/wp-json\/wp\/v2\/product_brand?post=3631"},{"taxonomy":"product_cat","embeddable":true,"href":"https:\/\/www.ichr-porcelaine.com\/en\/wp-json\/wp\/v2\/product_cat?post=3631"},{"taxonomy":"product_tag","embeddable":true,"href":"https:\/\/www.ichr-porcelaine.com\/en\/wp-json\/wp\/v2\/product_tag?post=3631"}],"curies":[{"name":"wp","href":"https:\/\/api.w.org\/{rel}","templated":true}]}}