{"id":3627,"date":"2024-12-23T11:45:04","date_gmt":"2024-12-23T10:45:04","guid":{"rendered":"http:\/\/localhost:10024\/?post_type=product&#038;p=3627"},"modified":"2025-10-22T10:37:50","modified_gmt":"2025-10-22T08:37:50","slug":"sous-tasse-a-cafe-centre-decale","status":"publish","type":"product","link":"https:\/\/www.ichr-porcelaine.com\/en\/produit\/sous-tasse-a-cafe-centre-decale\/","title":{"rendered":"Sous-tasse \u00e0 caf\u00e9 centre d\u00e9cal\u00e9"},"content":{"rendered":"","protected":false},"excerpt":{"rendered":"","protected":false},"featured_media":7028,"template":"","meta":{"_seopress_robots_primary_cat":"0","_seopress_titles_title":"Sous Tasse \u00e0 Caf\u00e9 Centre D\u00e9cal\u00e9 - Import CHR","_seopress_titles_desc":"Sous-tasse \u00e0 caf\u00e9 centre d\u00e9cal\u00e9 en porcelaine personnalisable \u2013 Import CHR. Design original et professionnel, parfaite pour accompagner vos tasses \u00e0 caf\u00e9 en h\u00f4tellerie et restauration.","_seopress_robots_index":""},"product_brand":[],"product_cat":[85,102],"product_tag":[],"class_list":{"0":"post-3627","1":"product","2":"type-product","3":"status-publish","4":"has-post-thumbnail","6":"product_cat-tasses-et-sous-tasses-blanches","7":"product_cat-sous-tasses","9":"first","10":"instock","11":"shipping-taxable","12":"purchasable","13":"product-type-simple"},"_links":{"self":[{"href":"https:\/\/www.ichr-porcelaine.com\/en\/wp-json\/wp\/v2\/product\/3627","targetHints":{"allow":["GET"]}}],"collection":[{"href":"https:\/\/www.ichr-porcelaine.com\/en\/wp-json\/wp\/v2\/product"}],"about":[{"href":"https:\/\/www.ichr-porcelaine.com\/en\/wp-json\/wp\/v2\/types\/product"}],"version-history":[{"count":0,"href":"https:\/\/www.ichr-porcelaine.com\/en\/wp-json\/wp\/v2\/product\/3627\/revisions"}],"wp:featuredmedia":[{"embeddable":true,"href":"https:\/\/www.ichr-porcelaine.com\/en\/wp-json\/wp\/v2\/media\/7028"}],"wp:attachment":[{"href":"https:\/\/www.ichr-porcelaine.com\/en\/wp-json\/wp\/v2\/media?parent=3627"}],"wp:term":[{"taxonomy":"product_brand","embeddable":true,"href":"https:\/\/www.ichr-porcelaine.com\/en\/wp-json\/wp\/v2\/product_brand?post=3627"},{"taxonomy":"product_cat","embeddable":true,"href":"https:\/\/www.ichr-porcelaine.com\/en\/wp-json\/wp\/v2\/product_cat?post=3627"},{"taxonomy":"product_tag","embeddable":true,"href":"https:\/\/www.ichr-porcelaine.com\/en\/wp-json\/wp\/v2\/product_tag?post=3627"}],"curies":[{"name":"wp","href":"https:\/\/api.w.org\/{rel}","templated":true}]}}